{"id":2907,"date":"2026-01-04T16:40:00","date_gmt":"2026-01-04T16:40:00","guid":{"rendered":"https:\/\/bendafillistore.com\/?page_id=2907"},"modified":"2026-01-10T19:26:36","modified_gmt":"2026-01-10T19:26:36","slug":"transparencia","status":"publish","type":"page","link":"https:\/\/bendafillistore.com\/?page_id=2907","title":{"rendered":"Transpar\u00eancia"},"content":{"rendered":"\n<h1 class=\"wp-block-heading\"><\/h1>\n\n\n\n<p>A BendafilliStore.com atua de forma transparente com seus usu\u00e1rios.<\/p>\n\n\n\n<ul class=\"wp-block-list\">\n<li>Este site participa de programas de afiliados;<\/li>\n\n\n\n<li>Podemos receber comiss\u00f5es por compras realizadas por meio de links indicados;<\/li>\n\n\n\n<li>Essa comiss\u00e3o <strong>n\u00e3o gera custo adicional<\/strong> ao consumidor.<\/li>\n<\/ul>\n\n\n\n<p>Nosso compromisso \u00e9 indicar produtos relevantes, com base em pesquisa e curadoria de informa\u00e7\u00f5es.<\/p>\n\n\n\n<p><\/p>\n","protected":false},"excerpt":{"rendered":"<p>A BendafilliStore.com atua de forma transparente com seus usu\u00e1rios. Nosso compromisso \u00e9 indicar produtos relevantes, com base em pesquisa e curadoria de informa\u00e7\u00f5es.<\/p>\n","protected":false},"author":1,"featured_media":0,"parent":0,"menu_order":0,"comment_status":"open","ping_status":"closed","template":"","meta":{"footnotes":""},"class_list":["post-2907","page","type-page","status-publish","hentry"],"_hostinger_reach_plugin_has_subscription_block":false,"_hostinger_reach_plugin_is_elementor":false,"_links":{"self":[{"href":"https:\/\/bendafillistore.com\/index.php?rest_route=\/wp\/v2\/pages\/2907","targetHints":{"allow":["GET"]}}],"collection":[{"href":"https:\/\/bendafillistore.com\/index.php?rest_route=\/wp\/v2\/pages"}],"about":[{"href":"https:\/\/bendafillistore.com\/index.php?rest_route=\/wp\/v2\/types\/page"}],"author":[{"embeddable":true,"href":"https:\/\/bendafillistore.com\/index.php?rest_route=\/wp\/v2\/users\/1"}],"replies":[{"embeddable":true,"href":"https:\/\/bendafillistore.com\/index.php?rest_route=%2Fwp%2Fv2%2Fcomments&post=2907"}],"version-history":[{"count":1,"href":"https:\/\/bendafillistore.com\/index.php?rest_route=\/wp\/v2\/pages\/2907\/revisions"}],"predecessor-version":[{"id":2908,"href":"https:\/\/bendafillistore.com\/index.php?rest_route=\/wp\/v2\/pages\/2907\/revisions\/2908"}],"wp:attachment":[{"href":"https:\/\/bendafillistore.com\/index.php?rest_route=%2Fwp%2Fv2%2Fmedia&parent=2907"}],"curies":[{"name":"wp","href":"https:\/\/api.w.org\/{rel}","templated":true}]}}