{"id":2913,"date":"2026-01-10T16:27:03","date_gmt":"2026-01-10T16:27:03","guid":{"rendered":"https:\/\/bendafillistore.com\/?page_id=2913"},"modified":"2026-01-23T21:53:50","modified_gmt":"2026-01-23T21:53:50","slug":"sobre-nos","status":"publish","type":"page","link":"https:\/\/bendafillistore.com\/?page_id=2913","title":{"rendered":"SOBRE N\u00d3S"},"content":{"rendered":"\n<h1 class=\"wp-block-heading\">trabalhamos com produtos do mercado livre e da amazon<\/h1>\n\n\n\n<p><\/p>\n\n\n\n<p>Nosso objetivo \u00e9 facilitar a compara\u00e7\u00e3o e a escolha de produtos dispon\u00edveis na <strong>Amazon e no Mercado Livre<\/strong>, reunindo recomenda\u00e7\u00f5es, descri\u00e7\u00f5es e links de forma clara e organizada.<\/p>\n\n\n\n<p>N\u00e3o realizamos vendas diretas. Atuamos como um <strong>site afiliado<\/strong>, conectando voc\u00ea \u00e0s principais plataformas de e-commerce do Brasil. O nosso objetivo \u00e9 com responsabilidade divulgar para voc\u00ea produtos de proced\u00eancia de origem honesta dentro da plataforma.<\/p>\n\n\n\n<p>Site: <a>https:\/\/bendafillistore.com<\/a><br>E-mail: <a>contato@bendafillistore.com<\/a><\/p>\n","protected":false},"excerpt":{"rendered":"<p>trabalhamos com produtos do mercado livre e da amazon Nosso objetivo \u00e9 facilitar a compara\u00e7\u00e3o e a escolha de produtos dispon\u00edveis na Amazon e no Mercado Livre, reunindo recomenda\u00e7\u00f5es, descri\u00e7\u00f5es e links de forma clara e organizada. N\u00e3o realizamos vendas diretas. Atuamos como um site afiliado, conectando voc\u00ea \u00e0s principais plataformas de e-commerce do Brasil. [&hellip;]<\/p>\n","protected":false},"author":1,"featured_media":0,"parent":2896,"menu_order":0,"comment_status":"closed","ping_status":"closed","template":"","meta":{"footnotes":""},"class_list":["post-2913","page","type-page","status-publish","hentry"],"_hostinger_reach_plugin_has_subscription_block":false,"_hostinger_reach_plugin_is_elementor":false,"_links":{"self":[{"href":"https:\/\/bendafillistore.com\/index.php?rest_route=\/wp\/v2\/pages\/2913","targetHints":{"allow":["GET"]}}],"collection":[{"href":"https:\/\/bendafillistore.com\/index.php?rest_route=\/wp\/v2\/pages"}],"about":[{"href":"https:\/\/bendafillistore.com\/index.php?rest_route=\/wp\/v2\/types\/page"}],"author":[{"embeddable":true,"href":"https:\/\/bendafillistore.com\/index.php?rest_route=\/wp\/v2\/users\/1"}],"replies":[{"embeddable":true,"href":"https:\/\/bendafillistore.com\/index.php?rest_route=%2Fwp%2Fv2%2Fcomments&post=2913"}],"version-history":[{"count":3,"href":"https:\/\/bendafillistore.com\/index.php?rest_route=\/wp\/v2\/pages\/2913\/revisions"}],"predecessor-version":[{"id":3164,"href":"https:\/\/bendafillistore.com\/index.php?rest_route=\/wp\/v2\/pages\/2913\/revisions\/3164"}],"up":[{"embeddable":true,"href":"https:\/\/bendafillistore.com\/index.php?rest_route=\/wp\/v2\/pages\/2896"}],"wp:attachment":[{"href":"https:\/\/bendafillistore.com\/index.php?rest_route=%2Fwp%2Fv2%2Fmedia&parent=2913"}],"curies":[{"name":"wp","href":"https:\/\/api.w.org\/{rel}","templated":true}]}}